{"id":459,"date":"2024-08-21T00:02:18","date_gmt":"2024-08-21T00:02:18","guid":{"rendered":"https:\/\/mcp.com.ar\/tienda\/?post_type=product&#038;p=459"},"modified":"2024-08-21T00:02:20","modified_gmt":"2024-08-21T00:02:20","slug":"castanas-de-caju-x-1-kg","status":"publish","type":"product","link":"https:\/\/mcp.com.ar\/tienda\/producto\/castanas-de-caju-x-1-kg\/","title":{"rendered":"Casta\u00f1as de Caj\u00fa x 1 Kg"},"content":{"rendered":"<p>Casta\u00f1as de Caj\u00fa por 1 Kg<\/p>\n","protected":false},"excerpt":{"rendered":"<p>Casta\u00f1as de Caj\u00fa por 1 Kg<\/p>\n","protected":false},"featured_media":485,"comment_status":"open","ping_status":"closed","template":"","meta":[],"product_cat":[32],"product_tag":[],"class_list":["post-459","product","type-product","status-publish","has-post-thumbnail","hentry","product_cat-saludables"],"_links":{"self":[{"href":"https:\/\/mcp.com.ar\/tienda\/wp-json\/wp\/v2\/product\/459","targetHints":{"allow":["GET"]}}],"collection":[{"href":"https:\/\/mcp.com.ar\/tienda\/wp-json\/wp\/v2\/product"}],"about":[{"href":"https:\/\/mcp.com.ar\/tienda\/wp-json\/wp\/v2\/types\/product"}],"replies":[{"embeddable":true,"href":"https:\/\/mcp.com.ar\/tienda\/wp-json\/wp\/v2\/comments?post=459"}],"wp:featuredmedia":[{"embeddable":true,"href":"https:\/\/mcp.com.ar\/tienda\/wp-json\/wp\/v2\/media\/485"}],"wp:attachment":[{"href":"https:\/\/mcp.com.ar\/tienda\/wp-json\/wp\/v2\/media?parent=459"}],"wp:term":[{"taxonomy":"product_cat","embeddable":true,"href":"https:\/\/mcp.com.ar\/tienda\/wp-json\/wp\/v2\/product_cat?post=459"},{"taxonomy":"product_tag","embeddable":true,"href":"https:\/\/mcp.com.ar\/tienda\/wp-json\/wp\/v2\/product_tag?post=459"}],"curies":[{"name":"wp","href":"https:\/\/api.w.org\/{rel}","templated":true}]}}